{"id":62,"date":"2018-02-18T23:27:24","date_gmt":"2018-02-18T22:27:24","guid":{"rendered":"http:\/\/skarlen.se\/elit\/?page_id=62"},"modified":"2025-02-06T08:37:09","modified_gmt":"2025-02-06T07:37:09","slug":"startview","status":"publish","type":"page","link":"https:\/\/skarlen.se\/elit\/","title":{"rendered":"Det \u00e4r h\u00e4r det b\u00f6rjar"},"content":{"rendered":"<p>Nu har du orienterat dig r\u00e4tt. Du har kommit till Joakim och Martin Sk\u00e4rl\u00e9n.<\/p>\n<p>Orientering en sport som bara v\u00e4xer och v\u00e4xer vill du\/ni vara med p\u00e5 v\u00e5r resa?<\/p>\n","protected":false},"excerpt":{"rendered":"<p>Nu har du orienterat dig r\u00e4tt. Du har kommit till Joakim och Martin Sk\u00e4rl\u00e9n. Orientering en sport som bara v\u00e4xer och v\u00e4xer vill du\/ni vara med p\u00e5 v\u00e5r resa?<\/p>\n","protected":false},"author":2,"featured_media":0,"parent":0,"menu_order":0,"comment_status":"closed","ping_status":"closed","template":"","meta":{"jetpack_post_was_ever_published":false,"footnotes":""},"jetpack_sharing_enabled":true,"jetpack_shortlink":"https:\/\/wp.me\/P9EPYg-10","_links":{"self":[{"href":"https:\/\/skarlen.se\/elit\/wp-json\/wp\/v2\/pages\/62"}],"collection":[{"href":"https:\/\/skarlen.se\/elit\/wp-json\/wp\/v2\/pages"}],"about":[{"href":"https:\/\/skarlen.se\/elit\/wp-json\/wp\/v2\/types\/page"}],"author":[{"embeddable":true,"href":"https:\/\/skarlen.se\/elit\/wp-json\/wp\/v2\/users\/2"}],"replies":[{"embeddable":true,"href":"https:\/\/skarlen.se\/elit\/wp-json\/wp\/v2\/comments?post=62"}],"version-history":[{"count":10,"href":"https:\/\/skarlen.se\/elit\/wp-json\/wp\/v2\/pages\/62\/revisions"}],"predecessor-version":[{"id":307,"href":"https:\/\/skarlen.se\/elit\/wp-json\/wp\/v2\/pages\/62\/revisions\/307"}],"wp:attachment":[{"href":"https:\/\/skarlen.se\/elit\/wp-json\/wp\/v2\/media?parent=62"}],"curies":[{"name":"wp","href":"https:\/\/api.w.org\/{rel}","templated":true}]}}